{"id":53,"date":"2021-05-05T20:51:36","date_gmt":"2021-05-05T20:51:36","guid":{"rendered":"https:\/\/www.aliancasaudeedireitos.cortexvisual.com.br\/?page_id=53"},"modified":"2021-08-25T02:57:38","modified_gmt":"2021-08-25T02:57:38","slug":"noticias","status":"publish","type":"page","link":"https:\/\/www.aliancasaudeedireitos.cortexvisual.com.br\/en\/noticias\/","title":{"rendered":"not\u00edcias"},"content":{"rendered":"<p>[vc_row unlock_row_content=&#8221;yes&#8221; row_height_percent=&#8221;0&#8243; override_padding=&#8221;yes&#8221; h_padding=&#8221;0&#8243; top_padding=&#8221;0&#8243; bottom_padding=&#8221;0&#8243; back_color=&#8221;color-lxmt&#8221; overlay_alpha=&#8221;50&#8243; equal_height=&#8221;yes&#8221; gutter_size=&#8221;0&#8243; column_width_percent=&#8221;100&#8243; shift_y=&#8221;0&#8243; z_index=&#8221;0&#8243; mobile_visibility=&#8221;yes&#8221;][vc_column column_width_percent=&#8221;100&#8243; gutter_size=&#8221;0&#8243; override_padding=&#8221;yes&#8221; column_padding=&#8221;0&#8243; overlay_alpha=&#8221;50&#8243; border_color=&#8221;color-jevc&#8221; border_style=&#8221;solid&#8221; shift_x=&#8221;0&#8243; shift_y=&#8221;0&#8243; shift_y_down=&#8221;0&#8243; z_index=&#8221;0&#8243; medium_width=&#8221;0&#8243; mobile_visibility=&#8221;yes&#8221; mobile_width=&#8221;0&#8243; width=&#8221;1\/12&#8243; css=&#8221;.vc_custom_1625642759694{border-right-width: 1px !important;}&#8221; el_class=&#8221;correct2 lateral&#8221;][vc_raw_html]JTNDZGl2JTIwaWQlM0QlMjJtYWluJTIyJTNFJTNDcCUyMGNsYXNzJTNEJTIycGFyYSUyMiUyMGlkJTNEJTIycGFyYTElMjIlM0VBTExJQU5DRSUyMEZPUiUyMFNFWFVBTCUyMEFORCUyMFJFUFJPRFVDVElWRSUyMEhFQUxUSCUyMEFORCUyMFJJR0hUUyUyMElOJTIwQlJBWklMJTI2bmJzcCUzQiUyRiUyNm5ic3BBTExJQU5DRSUyMEZPUiUyMFNFWFVBTCUyMEFORCUyMFJFUFJPRFVDVElWRSUyMEhFQUxUSCUyMEFORCUyMFJJR0hUUyUyMElOJTIwQlJBWklMJTI2bmJzcCUzQiUyRiUyNm5ic3BBTExJQU5DRSUyMEZPUiUyMFNFWFVBTCUyMEFORCUyMFJFUFJPRFVDVElWRSUyMEhFQUxUSCUyMEFORCUyMFJJR0hUUyUyMElOJTIwQlJBWklMJTI2bmJzcCUzQiUyRiUyNm5ic3BBTExJQU5DRSUyMEZPUiUyMFNFWFVBTCUyMEFORCUyMFJFUFJPRFVDVElWRSUyMEhFQUxUSCUyMEFORCUyMFJJR0hUUyUyMElOJTIwQlJBWklMJTI2bmJzcCUzQiUyRiUyNm5ic3BBTExJQU5DRSUyMEZPUiUyMFNFWFVBTCUyMEFORCUyMFJFUFJPRFVDVElWRSUyMEhFQUxUSCUyMEFORCUyMFJJR0hUUyUyMElOJTIwQlJBWklMJTNDJTJGcCUzRSUzQyUyRmRpdiUzRQ==[\/vc_raw_html][\/vc_column][vc_column column_width_percent=&#8221;100&#8243; gutter_size=&#8221;3&#8243; override_padding=&#8221;yes&#8221; column_padding=&#8221;0&#8243; overlay_alpha=&#8221;50&#8243; border_color=&#8221;color-jevc&#8221; border_style=&#8221;solid&#8221; shift_x=&#8221;0&#8243; shift_y=&#8221;0&#8243; shift_y_down=&#8221;0&#8243; z_index=&#8221;0&#8243; medium_width=&#8221;0&#8243; mobile_width=&#8221;0&#8243; css_animation=&#8221;bottom-t-top&#8221; animation_speed=&#8221;300&#8243; width=&#8221;4\/12&#8243;][vc_row_inner][vc_column_inner column_width_percent=&#8221;95&#8243; position_horizontal=&#8221;left&#8221; gutter_size=&#8221;3&#8243; style=&#8221;dark&#8221; overlay_alpha=&#8221;50&#8243; shift_x=&#8221;0&#8243; shift_y=&#8221;0&#8243; shift_y_down=&#8221;0&#8243; z_index=&#8221;0&#8243; medium_width=&#8221;0&#8243; mobile_width=&#8221;0&#8243; width=&#8221;1\/1&#8243;][vc_empty_space empty_h=&#8221;3&#8243;][vc_custom_heading text_font=&#8221;font-178598&#8243; text_weight=&#8221;600&#8243; text_transform=&#8221;uppercase&#8221; text_color=&#8221;color-jevc&#8221; el_class=&#8221;texto-margem&#8221;]News[\/vc_custom_heading][\/vc_column_inner][\/vc_row_inner][\/vc_column][vc_column column_width_percent=&#8221;100&#8243; gutter_size=&#8221;3&#8243; override_padding=&#8221;yes&#8221; column_padding=&#8221;0&#8243; style=&#8221;light&#8221; overlay_alpha=&#8221;50&#8243; border_color=&#8221;color-jevc&#8221; border_style=&#8221;solid&#8221; shift_x=&#8221;0&#8243; shift_y=&#8221;0&#8243; shift_y_down=&#8221;0&#8243; z_index=&#8221;0&#8243; medium_width=&#8221;0&#8243; mobile_width=&#8221;0&#8243; width=&#8221;7\/12&#8243; css=&#8221;.vc_custom_1620962335574{border-right-width: 1px !important;border-left-width: 1px !important;}&#8221;][vc_empty_space empty_h=&#8221;1&#8243; medium_visibility=&#8221;yes&#8221; mobile_visibility=&#8221;yes&#8221;][\/vc_column][\/vc_row][vc_row unlock_row_content=&#8221;yes&#8221; row_height_percent=&#8221;0&#8243; override_padding=&#8221;yes&#8221; h_padding=&#8221;0&#8243; top_padding=&#8221;0&#8243; bottom_padding=&#8221;0&#8243; back_color=&#8221;color-lxmt&#8221; overlay_alpha=&#8221;50&#8243; equal_height=&#8221;yes&#8221; gutter_size=&#8221;0&#8243; column_width_percent=&#8221;100&#8243; shift_y=&#8221;-1&#8243; shift_y_fixed=&#8221;yes&#8221; z_index=&#8221;0&#8243; mobile_visibility=&#8221;yes&#8221;][vc_column column_width_percent=&#8221;100&#8243; gutter_size=&#8221;0&#8243; override_padding=&#8221;yes&#8221; column_padding=&#8221;0&#8243; overlay_alpha=&#8221;50&#8243; border_color=&#8221;color-jevc&#8221; border_style=&#8221;solid&#8221; shift_x=&#8221;0&#8243; shift_y=&#8221;0&#8243; shift_y_down=&#8221;0&#8243; z_index=&#8221;0&#8243; medium_width=&#8221;0&#8243; mobile_width=&#8221;0&#8243; width=&#8221;1\/12&#8243; css=&#8221;.vc_custom_1625642836327{border-right-width: 1px !important;}&#8221; el_class=&#8221;lateral&#8221;][\/vc_column][vc_column column_width_percent=&#8221;100&#8243; position_horizontal=&#8221;left&#8221; gutter_size=&#8221;3&#8243; override_padding=&#8221;yes&#8221; column_padding=&#8221;0&#8243; overlay_alpha=&#8221;50&#8243; border_color=&#8221;color-jevc&#8221; border_style=&#8221;solid&#8221; shift_x=&#8221;0&#8243; shift_y=&#8221;0&#8243; shift_y_down=&#8221;0&#8243; z_index=&#8221;0&#8243; medium_width=&#8221;0&#8243; mobile_width=&#8221;0&#8243; width=&#8221;11\/12&#8243;][uncode_index el_id=&#8221;index-690055&#8243; isotope_mode=&#8221;cellsByRow&#8221; loop=&#8221;size:All|order_by:date|post_type:post|taxonomy_count:10&#8243; infinite=&#8221;yes&#8221; infinite_button=&#8221;yes&#8221; infinite_button_color=&#8221;color-210407&#8243; gutter_size=&#8221;2&#8243; post_items=&#8221;link|default-shape|default_size| ,date,spacer|one,title,media|featured|onpost|original&#8221; screen_lg=&#8221;1000&#8243; screen_md=&#8221;600&#8243; screen_sm=&#8221;480&#8243; single_text=&#8221;lateral&#8221; single_width=&#8221;12&#8243; images_size=&#8221;three-two&#8221; single_image_size=&#8221;4&#8243; single_style=&#8221;dark&#8221; single_overlay_color=&#8221;color-210407&#8243; single_overlay_blend=&#8221;multiply&#8221; single_overlay_opacity=&#8221;100&#8243; single_image_anim=&#8221;no&#8221; single_padding=&#8221;2&#8243; single_title_family=&#8221;font-178598&#8243; single_title_dimension=&#8221;h3&#8243; single_title_weight=&#8221;600&#8243; single_title_transform=&#8221;uppercase&#8221; single_css_animation=&#8221;zoom-in&#8221; single_animation_speed=&#8221;300&#8243; single_animation_delay=&#8221;100&#8243; offset=&#8221;0&#8243; infinite_button_text=&#8221;CARREGAR MAIS NOT\u00cdCIAS&#8221; order_ids=&#8221;969,225,226,224,188&#8243; items=&#8221;eyI5NjlfaSI6eyJzaW5nbGVfbGluayI6InVybDpodHRwcyUzQSUyRiUyRnd3dy5jb3J0ZXh2aXN1YWwuY29tLmJyfHRhcmdldDpfYmxhbmsifX0=&#8221;][\/vc_column][\/vc_row][vc_row unlock_row_content=&#8221;yes&#8221; row_height_percent=&#8221;0&#8243; override_padding=&#8221;yes&#8221; h_padding=&#8221;0&#8243; top_padding=&#8221;2&#8243; bottom_padding=&#8221;0&#8243; back_color=&#8221;color-lxmt&#8221; overlay_alpha=&#8221;50&#8243; equal_height=&#8221;yes&#8221; gutter_size=&#8221;0&#8243; column_width_percent=&#8221;100&#8243; shift_y=&#8221;0&#8243; z_index=&#8221;0&#8243; desktop_visibility=&#8221;yes&#8221; medium_visibility=&#8221;yes&#8221; shape_dividers=&#8221;&#8221;][vc_column column_width_percent=&#8221;100&#8243; gutter_size=&#8221;2&#8243; override_padding=&#8221;yes&#8221; column_padding=&#8221;0&#8243; overlay_alpha=&#8221;50&#8243; border_color=&#8221;color-jevc&#8221; border_style=&#8221;solid&#8221; shift_x=&#8221;0&#8243; shift_y=&#8221;0&#8243; shift_y_down=&#8221;0&#8243; z_index=&#8221;0&#8243; medium_width=&#8221;0&#8243; mobile_width=&#8221;0&#8243; width=&#8221;1\/1&#8243;][vc_row_inner][vc_column_inner column_width_percent=&#8221;95&#8243; position_horizontal=&#8221;left&#8221; gutter_size=&#8221;2&#8243; style=&#8221;dark&#8221; overlay_alpha=&#8221;50&#8243; shift_x=&#8221;0&#8243; shift_y=&#8221;0&#8243; shift_y_down=&#8221;0&#8243; z_index=&#8221;0&#8243; medium_width=&#8221;0&#8243; mobile_width=&#8221;0&#8243; width=&#8221;1\/1&#8243;][vc_empty_space empty_h=&#8221;2&#8243;][vc_custom_heading text_font=&#8221;font-178598&#8243; text_weight=&#8221;600&#8243; text_transform=&#8221;uppercase&#8221; text_color=&#8221;color-jevc&#8221;]News[\/vc_custom_heading][vc_empty_space empty_h=&#8221;1&#8243;][\/vc_column_inner][\/vc_row_inner][\/vc_column][\/vc_row][vc_row unlock_row_content=&#8221;yes&#8221; row_height_percent=&#8221;0&#8243; override_padding=&#8221;yes&#8221; h_padding=&#8221;0&#8243; top_padding=&#8221;0&#8243; bottom_padding=&#8221;0&#8243; back_color=&#8221;color-lxmt&#8221; overlay_alpha=&#8221;50&#8243; equal_height=&#8221;yes&#8221; gutter_size=&#8221;0&#8243; column_width_percent=&#8221;100&#8243; shift_y=&#8221;0&#8243; shift_y_fixed=&#8221;yes&#8221; z_index=&#8221;0&#8243; desktop_visibility=&#8221;yes&#8221; medium_visibility=&#8221;yes&#8221;][vc_column column_width_percent=&#8221;100&#8243; position_horizontal=&#8221;left&#8221; gutter_size=&#8221;3&#8243; override_padding=&#8221;yes&#8221; column_padding=&#8221;0&#8243; overlay_alpha=&#8221;50&#8243; border_color=&#8221;color-jevc&#8221; border_style=&#8221;solid&#8221; shift_x=&#8221;0&#8243; shift_y=&#8221;0&#8243; shift_y_down=&#8221;0&#8243; z_index=&#8221;0&#8243; medium_width=&#8221;0&#8243; mobile_width=&#8221;0&#8243; width=&#8221;1\/1&#8243;][uncode_index el_id=&#8221;index-690055&#8243; isotope_mode=&#8221;vertical&#8221; loop=&#8221;size:All|order_by:date|post_type:post|taxonomy_count:10&#8243; infinite=&#8221;yes&#8221; infinite_button=&#8221;yes&#8221; infinite_button_color=&#8221;color-210407&#8243; gutter_size=&#8221;3&#8243; post_items=&#8221;link|default-shape|default_size,date,spacer|two,title,spacer_two|one,media|featured|onpost|original&#8221; screen_lg=&#8221;1000&#8243; screen_md=&#8221;600&#8243; screen_sm=&#8221;480&#8243; single_width=&#8221;12&#8243; images_size=&#8221;three-two&#8221; single_style=&#8221;dark&#8221; single_overlay_color=&#8221;color-210407&#8243; single_overlay_blend=&#8221;multiply&#8221; single_overlay_opacity=&#8221;100&#8243; single_image_anim=&#8221;no&#8221; single_padding=&#8221;2&#8243; single_title_family=&#8221;font-178598&#8243; single_title_dimension=&#8221;h3&#8243; single_title_weight=&#8221;600&#8243; single_title_transform=&#8221;uppercase&#8221; single_css_animation=&#8221;zoom-in&#8221; single_animation_speed=&#8221;300&#8243; single_animation_delay=&#8221;100&#8243; offset=&#8221;0&#8243; infinite_button_text=&#8221;CARREGAR MAIS NOT\u00cdCIAS&#8221; order_ids=&#8221;969,225,226,224,188&#8243; items=&#8221;eyI5NjlfaSI6eyJzaW5nbGVfbGluayI6InVybDpodHRwcyUzQSUyRiUyRnd3dy5jb3J0ZXh2aXN1YWwuY29tLmJyfHRhcmdldDpfYmxhbmsifX0=&#8221;][\/vc_column][\/vc_row][vc_row unlock_row_content=&#8221;yes&#8221; row_height_percent=&#8221;0&#8243; override_padding=&#8221;yes&#8221; h_padding=&#8221;0&#8243; top_padding=&#8221;0&#8243; bottom_padding=&#8221;0&#8243; back_color=&#8221;color-lxmt&#8221; overlay_alpha=&#8221;50&#8243; equal_height=&#8221;yes&#8221; gutter_size=&#8221;0&#8243; column_width_percent=&#8221;100&#8243; shift_y=&#8221;0&#8243; z_index=&#8221;0&#8243;][vc_column column_width_percent=&#8221;100&#8243; gutter_size=&#8221;0&#8243; override_padding=&#8221;yes&#8221; column_padding=&#8221;0&#8243; overlay_alpha=&#8221;50&#8243; border_color=&#8221;color-jevc&#8221; border_style=&#8221;solid&#8221; shift_x=&#8221;0&#8243; shift_y=&#8221;0&#8243; shift_y_down=&#8221;0&#8243; z_index=&#8221;0&#8243; medium_width=&#8221;0&#8243; mobile_width=&#8221;0&#8243; width=&#8221;1\/12&#8243; css=&#8221;.vc_custom_1625642845640{border-right-width: 1px !important;}&#8221; el_class=&#8221;correct2 lateral&#8221;][\/vc_column][vc_column column_width_percent=&#8221;100&#8243; position_vertical=&#8221;bottom&#8221; gutter_size=&#8221;3&#8243; override_padding=&#8221;yes&#8221; column_padding=&#8221;0&#8243; overlay_alpha=&#8221;50&#8243; border_color=&#8221;color-jevc&#8221; border_style=&#8221;solid&#8221; shift_x=&#8221;0&#8243; shift_y=&#8221;0&#8243; shift_y_down=&#8221;0&#8243; z_index=&#8221;0&#8243; medium_width=&#8221;0&#8243; mobile_width=&#8221;0&#8243; width=&#8221;4\/12&#8243;][vc_empty_space empty_h=&#8221;2&#8243;][\/vc_column][vc_column column_width_percent=&#8221;100&#8243; position_vertical=&#8221;bottom&#8221; gutter_size=&#8221;3&#8243; override_padding=&#8221;yes&#8221; column_padding=&#8221;0&#8243; style=&#8221;light&#8221; overlay_alpha=&#8221;50&#8243; border_color=&#8221;color-jevc&#8221; border_style=&#8221;solid&#8221; shift_x=&#8221;0&#8243; shift_y=&#8221;0&#8243; shift_y_down=&#8221;0&#8243; z_index=&#8221;0&#8243; medium_width=&#8221;0&#8243; mobile_width=&#8221;0&#8243; width=&#8221;7\/12&#8243; css=&#8221;.vc_custom_1620584018017{border-right-width: 1px !important;border-left-width: 1px !important;}&#8221;][vc_empty_space empty_h=&#8221;2&#8243;][\/vc_column][\/vc_row]<\/p>","protected":false},"excerpt":{"rendered":"<p>[vc_row unlock_row_content=&#8221;yes&#8221; row_height_percent=&#8221;0&#8243; override_padding=&#8221;yes&#8221; h_padding=&#8221;0&#8243; top_padding=&#8221;0&#8243; bottom_padding=&#8221;0&#8243; back_color=&#8221;color-lxmt&#8221; overlay_alpha=&#8221;50&#8243; equal_height=&#8221;yes&#8221; gutter_size=&#8221;0&#8243; column_width_percent=&#8221;100&#8243; shift_y=&#8221;0&#8243; z_index=&#8221;0&#8243; mobile_visibility=&#8221;yes&#8221;][vc_column column_width_percent=&#8221;100&#8243; gutter_size=&#8221;0&#8243; override_padding=&#8221;yes&#8221; column_padding=&#8221;0&#8243; overlay_alpha=&#8221;50&#8243; [&hellip;]<\/p>\n","protected":false},"author":1,"featured_media":0,"parent":0,"menu_order":0,"comment_status":"closed","ping_status":"closed","template":"","meta":{"footnotes":""},"class_list":["post-53","page","type-page","status-publish","hentry"],"yoast_head":"<!-- This site is optimized with the Yoast SEO plugin v24.9 - https:\/\/yoast.com\/wordpress\/plugins\/seo\/ -->\n<title>not\u00edcias - Alian\u00e7a pela Sa\u00fade Sexual, Reprodutiva e Direitos<\/title>\n<meta name=\"robots\" content=\"index, follow, max-snippet:-1, max-image-preview:large, max-video-preview:-1\" \/>\n<link rel=\"canonical\" href=\"https:\/\/www.aliancasaudeedireitos.cortexvisual.com.br\/noticias\/\" \/>\n<meta property=\"og:locale\" content=\"en_US\" \/>\n<meta property=\"og:type\" content=\"article\" \/>\n<meta property=\"og:title\" content=\"not\u00edcias - Alian\u00e7a pela Sa\u00fade Sexual, Reprodutiva e Direitos\" \/>\n<meta property=\"og:description\" content=\"[vc_row unlock_row_content=&#8221;yes&#8221; row_height_percent=&#8221;0&#8243; override_padding=&#8221;yes&#8221; h_padding=&#8221;0&#8243; top_padding=&#8221;0&#8243; bottom_padding=&#8221;0&#8243; back_color=&#8221;color-lxmt&#8221; overlay_alpha=&#8221;50&#8243; equal_height=&#8221;yes&#8221; gutter_size=&#8221;0&#8243; column_width_percent=&#8221;100&#8243; shift_y=&#8221;0&#8243; z_index=&#8221;0&#8243; mobile_visibility=&#8221;yes&#8221;][vc_column column_width_percent=&#8221;100&#8243; gutter_size=&#8221;0&#8243; override_padding=&#8221;yes&#8221; column_padding=&#8221;0&#8243; overlay_alpha=&#8221;50&#8243; [&hellip;]\" \/>\n<meta property=\"og:url\" content=\"https:\/\/www.aliancasaudeedireitos.cortexvisual.com.br\/noticias\/\" \/>\n<meta property=\"og:site_name\" content=\"Alian\u00e7a pela Sa\u00fade Sexual, Reprodutiva e Direitos\" \/>\n<meta property=\"article:modified_time\" content=\"2021-08-25T02:57:38+00:00\" \/>\n<meta name=\"twitter:card\" content=\"summary_large_image\" \/>\n<meta name=\"twitter:label1\" content=\"Est. reading time\" \/>\n\t<meta name=\"twitter:data1\" content=\"2 minutes\" \/>\n<script type=\"application\/ld+json\" class=\"yoast-schema-graph\">{\"@context\":\"https:\/\/schema.org\",\"@graph\":[{\"@type\":\"WebPage\",\"@id\":\"https:\/\/www.aliancasaudeedireitos.cortexvisual.com.br\/noticias\/\",\"url\":\"https:\/\/www.aliancasaudeedireitos.cortexvisual.com.br\/noticias\/\",\"name\":\"not\u00edcias - Alian\u00e7a pela Sa\u00fade Sexual, Reprodutiva e Direitos\",\"isPartOf\":{\"@id\":\"https:\/\/www.aliancasaudeedireitos.cortexvisual.com.br\/#website\"},\"datePublished\":\"2021-05-05T20:51:36+00:00\",\"dateModified\":\"2021-08-25T02:57:38+00:00\",\"breadcrumb\":{\"@id\":\"https:\/\/www.aliancasaudeedireitos.cortexvisual.com.br\/noticias\/#breadcrumb\"},\"inLanguage\":\"en-US\",\"potentialAction\":[{\"@type\":\"ReadAction\",\"target\":[\"https:\/\/www.aliancasaudeedireitos.cortexvisual.com.br\/noticias\/\"]}]},{\"@type\":\"BreadcrumbList\",\"@id\":\"https:\/\/www.aliancasaudeedireitos.cortexvisual.com.br\/noticias\/#breadcrumb\",\"itemListElement\":[{\"@type\":\"ListItem\",\"position\":1,\"name\":\"In\u00edcio\",\"item\":\"https:\/\/www.aliancasaudeedireitos.cortexvisual.com.br\/\"},{\"@type\":\"ListItem\",\"position\":2,\"name\":\"not\u00edcias\"}]},{\"@type\":\"WebSite\",\"@id\":\"https:\/\/www.aliancasaudeedireitos.cortexvisual.com.br\/#website\",\"url\":\"https:\/\/www.aliancasaudeedireitos.cortexvisual.com.br\/\",\"name\":\"Alian\u00e7a pela Sa\u00fade Sexual, Reprodutiva e Direitos\",\"description\":\"New web site coming soon!\",\"potentialAction\":[{\"@type\":\"SearchAction\",\"target\":{\"@type\":\"EntryPoint\",\"urlTemplate\":\"https:\/\/www.aliancasaudeedireitos.cortexvisual.com.br\/?s={search_term_string}\"},\"query-input\":{\"@type\":\"PropertyValueSpecification\",\"valueRequired\":true,\"valueName\":\"search_term_string\"}}],\"inLanguage\":\"en-US\"}]}<\/script>\n<!-- \/ Yoast SEO plugin. -->","yoast_head_json":{"title":"not\u00edcias - Alian\u00e7a pela Sa\u00fade Sexual, Reprodutiva e Direitos","robots":{"index":"index","follow":"follow","max-snippet":"max-snippet:-1","max-image-preview":"max-image-preview:large","max-video-preview":"max-video-preview:-1"},"canonical":"https:\/\/www.aliancasaudeedireitos.cortexvisual.com.br\/noticias\/","og_locale":"en_US","og_type":"article","og_title":"not\u00edcias - Alian\u00e7a pela Sa\u00fade Sexual, Reprodutiva e Direitos","og_description":"[vc_row unlock_row_content=&#8221;yes&#8221; row_height_percent=&#8221;0&#8243; override_padding=&#8221;yes&#8221; h_padding=&#8221;0&#8243; top_padding=&#8221;0&#8243; bottom_padding=&#8221;0&#8243; back_color=&#8221;color-lxmt&#8221; overlay_alpha=&#8221;50&#8243; equal_height=&#8221;yes&#8221; gutter_size=&#8221;0&#8243; column_width_percent=&#8221;100&#8243; shift_y=&#8221;0&#8243; z_index=&#8221;0&#8243; mobile_visibility=&#8221;yes&#8221;][vc_column column_width_percent=&#8221;100&#8243; gutter_size=&#8221;0&#8243; override_padding=&#8221;yes&#8221; column_padding=&#8221;0&#8243; overlay_alpha=&#8221;50&#8243; [&hellip;]","og_url":"https:\/\/www.aliancasaudeedireitos.cortexvisual.com.br\/noticias\/","og_site_name":"Alian\u00e7a pela Sa\u00fade Sexual, Reprodutiva e Direitos","article_modified_time":"2021-08-25T02:57:38+00:00","twitter_card":"summary_large_image","twitter_misc":{"Est. reading time":"2 minutes"},"schema":{"@context":"https:\/\/schema.org","@graph":[{"@type":"WebPage","@id":"https:\/\/www.aliancasaudeedireitos.cortexvisual.com.br\/noticias\/","url":"https:\/\/www.aliancasaudeedireitos.cortexvisual.com.br\/noticias\/","name":"not\u00edcias - Alian\u00e7a pela Sa\u00fade Sexual, Reprodutiva e Direitos","isPartOf":{"@id":"https:\/\/www.aliancasaudeedireitos.cortexvisual.com.br\/#website"},"datePublished":"2021-05-05T20:51:36+00:00","dateModified":"2021-08-25T02:57:38+00:00","breadcrumb":{"@id":"https:\/\/www.aliancasaudeedireitos.cortexvisual.com.br\/noticias\/#breadcrumb"},"inLanguage":"en-US","potentialAction":[{"@type":"ReadAction","target":["https:\/\/www.aliancasaudeedireitos.cortexvisual.com.br\/noticias\/"]}]},{"@type":"BreadcrumbList","@id":"https:\/\/www.aliancasaudeedireitos.cortexvisual.com.br\/noticias\/#breadcrumb","itemListElement":[{"@type":"ListItem","position":1,"name":"In\u00edcio","item":"https:\/\/www.aliancasaudeedireitos.cortexvisual.com.br\/"},{"@type":"ListItem","position":2,"name":"not\u00edcias"}]},{"@type":"WebSite","@id":"https:\/\/www.aliancasaudeedireitos.cortexvisual.com.br\/#website","url":"https:\/\/www.aliancasaudeedireitos.cortexvisual.com.br\/","name":"Alian\u00e7a pela Sa\u00fade Sexual, Reprodutiva e Direitos","description":"New web site coming soon!","potentialAction":[{"@type":"SearchAction","target":{"@type":"EntryPoint","urlTemplate":"https:\/\/www.aliancasaudeedireitos.cortexvisual.com.br\/?s={search_term_string}"},"query-input":{"@type":"PropertyValueSpecification","valueRequired":true,"valueName":"search_term_string"}}],"inLanguage":"en-US"}]}},"_links":{"self":[{"href":"https:\/\/www.aliancasaudeedireitos.cortexvisual.com.br\/en\/wp-json\/wp\/v2\/pages\/53","targetHints":{"allow":["GET"]}}],"collection":[{"href":"https:\/\/www.aliancasaudeedireitos.cortexvisual.com.br\/en\/wp-json\/wp\/v2\/pages"}],"about":[{"href":"https:\/\/www.aliancasaudeedireitos.cortexvisual.com.br\/en\/wp-json\/wp\/v2\/types\/page"}],"author":[{"embeddable":true,"href":"https:\/\/www.aliancasaudeedireitos.cortexvisual.com.br\/en\/wp-json\/wp\/v2\/users\/1"}],"replies":[{"embeddable":true,"href":"https:\/\/www.aliancasaudeedireitos.cortexvisual.com.br\/en\/wp-json\/wp\/v2\/comments?post=53"}],"version-history":[{"count":30,"href":"https:\/\/www.aliancasaudeedireitos.cortexvisual.com.br\/en\/wp-json\/wp\/v2\/pages\/53\/revisions"}],"predecessor-version":[{"id":1483,"href":"https:\/\/www.aliancasaudeedireitos.cortexvisual.com.br\/en\/wp-json\/wp\/v2\/pages\/53\/revisions\/1483"}],"wp:attachment":[{"href":"https:\/\/www.aliancasaudeedireitos.cortexvisual.com.br\/en\/wp-json\/wp\/v2\/media?parent=53"}],"curies":[{"name":"wp","href":"https:\/\/api.w.org\/{rel}","templated":true}]}}